{"id":9,"date":"2018-09-11T16:09:45","date_gmt":"2018-09-11T14:09:45","guid":{"rendered":"https:\/\/farcamnmp.fr\/?page_id=9"},"modified":"2025-11-24T13:40:13","modified_gmt":"2025-11-24T12:40:13","slug":"arcam-81","status":"publish","type":"page","link":"https:\/\/farcamnmp.fr\/index.php\/arcam-81\/","title":{"rendered":"ARCAM 81"},"content":{"rendered":"\r\n<h1>AMICALE DES RETRAITES DU CREDIT AGRICOLE DU TARN<\/h1>\r\n<p>Notre amicale est une association loi 1901 existant depuis 1987. Elle propose \u00e0 ses adh\u00e9rents et sympathisants des activit\u00e9s diverses et vari\u00e9es telles que :<\/p>\r\n<p>&#8211; voyages de courte dur\u00e9e (2,3 ou 4 jours),<br \/>&#8211; voyages de moyenne dur\u00e9e (8 jours ou plus),<br \/>&#8211; s\u00e9jours de randonn\u00e9es, et de d\u00e9couvertes<br \/>&#8211; randonn\u00e9es dans le Tarn (1 fois\/mois avec souvent des grillades),<br \/>&#8211; repas des v\u0153ux,<br \/>&#8211; journ\u00e9e d\u00e9tente,<br \/>&#8211; journ\u00e9e jeux,<br \/>&#8211; soir\u00e9e photos. Nous comptons \u00e0 ce jour pr\u00e8s de 200 adh\u00e9rents et 80 sympathisants, qui nous font le plaisir de participer \u00e0 certaines de nos activit\u00e9s.<br \/>N&#8217;h\u00e9sitez pas \u00e0 visiter notre site et pourquoi pas <a href=\"https:\/\/farcamnmp.fr\/index.php\/contact-arcam-81\/\">nous contacter<\/a> pour participer activement \u00e0 nos activit\u00e9s. <img loading=\"lazy\" decoding=\"async\" title=\"photo-accueil-site-ARCAM81\" src=\"https:\/\/farcamnmp.fr\/wp-content\/uploads\/2018\/11\/photo-accueil-site-ARCAM81.jpg\" alt=\"randonn\u00e9e \u00e0 Sali\u00e8s\" width=\"800\" height=\"587\" \/><\/p>\r\n<h3>Fraternit\u00e9, Amiti\u00e9 et Convivialit\u00e9<\/h3>\r\n<p>\u00a0sont les trois r\u00e8gles de notre Amicale<\/p>\r\n<p><img loading=\"lazy\" decoding=\"async\" title=\"arcam-81-1\" src=\"https:\/\/farcamnmp.fr\/wp-content\/uploads\/2018\/09\/arcam-81-1.png\" alt=\"arcam-81-1\" width=\"600\" height=\"400\" \/><\/p>\r\n<p><strong><img loading=\"lazy\" decoding=\"async\" src=\"https:\/\/farcamnmp.fr\/wp-content\/uploads\/2020\/03\/LOGO-ARCAM-81-couleur-verte-2-1-150x150.png\" alt=\"\" width=\"221\" height=\"221\" \/>Le Conseil d&#8217;Administration de l&#8217;ARCAM 81<\/strong><\/p>\r\n<p>Pr\u00e9sident : Robert PAGES<\/p>\r\n<p>Vice-Pr\u00e9sident; Jean-Marc THOMAS<\/p>\r\n<p>Tr\u00e9sorier : Jean-Pierre BESSET<\/p>\r\n<p>Secr\u00e9taire : Christiane BONHOMME<\/p>\r\n<p>Secr\u00e9taires adjointes; Fran\u00e7oise FREDIANI et Colette CHARTIER<\/p>\r\n<p>Membres du Conseil :<\/p>\r\n<p>Andr\u00e9 RIGAL, Suzanne RIBOT, Simone ARMAND, G\u00e9rard ICHE, Bernard TROUILHET, Alain ALQUIER<\/p>\r\n<p>\u00a0<a href=\"https:\/\/drive.google.com\/file\/d\/1a48l47T6Tbw1q0yq487LX2C2FU5od8_r\/view?usp=sharing\">Statuts de l&#8217;ARCAM 81<\/a><\/p>\r\n<p><a href=\"https:\/\/docs.google.com\/document\/d\/1_6givDI-_0gbJv59j6Oug86VRwCaPGNq\/edit?usp=sharing&amp;ouid=103387745626128741750&amp;rtpof=true&amp;sd=true\">R\u00e8glement Int\u00e9rieur de l&#8217;ARCAM 81<\/a><\/p>\r\n","protected":false},"excerpt":{"rendered":"","protected":false},"author":10,"featured_media":0,"parent":0,"menu_order":0,"comment_status":"closed","ping_status":"closed","template":"","meta":{"_price":"","_stock":"","_tribe_ticket_header":"","_tribe_default_ticket_provider":"","_tribe_ticket_capacity":"0","_ticket_start_date":"","_ticket_end_date":"","_tribe_ticket_show_description":"","_tribe_ticket_show_not_going":false,"_tribe_ticket_use_global_stock":"","_tribe_ticket_global_stock_level":"","_global_stock_mode":"","_global_stock_cap":"","_tribe_rsvp_for_event":"","_tribe_ticket_going_count":"","_tribe_ticket_not_going_count":"","_tribe_tickets_list":"[]","_tribe_ticket_has_attendee_info_fields":false,"footnotes":""},"class_list":["post-9","page","type-page","status-publish","hentry"],"_links":{"self":[{"href":"https:\/\/farcamnmp.fr\/index.php\/wp-json\/wp\/v2\/pages\/9","targetHints":{"allow":["GET"]}}],"collection":[{"href":"https:\/\/farcamnmp.fr\/index.php\/wp-json\/wp\/v2\/pages"}],"about":[{"href":"https:\/\/farcamnmp.fr\/index.php\/wp-json\/wp\/v2\/types\/page"}],"author":[{"embeddable":true,"href":"https:\/\/farcamnmp.fr\/index.php\/wp-json\/wp\/v2\/users\/10"}],"replies":[{"embeddable":true,"href":"https:\/\/farcamnmp.fr\/index.php\/wp-json\/wp\/v2\/comments?post=9"}],"version-history":[{"count":28,"href":"https:\/\/farcamnmp.fr\/index.php\/wp-json\/wp\/v2\/pages\/9\/revisions"}],"predecessor-version":[{"id":7832,"href":"https:\/\/farcamnmp.fr\/index.php\/wp-json\/wp\/v2\/pages\/9\/revisions\/7832"}],"wp:attachment":[{"href":"https:\/\/farcamnmp.fr\/index.php\/wp-json\/wp\/v2\/media?parent=9"}],"curies":[{"name":"wp","href":"https:\/\/api.w.org\/{rel}","templated":true}]}}