{"id":23,"date":"2018-09-11T16:13:38","date_gmt":"2018-09-11T14:13:38","guid":{"rendered":"https:\/\/farcamnmp.fr\/?page_id=23"},"modified":"2025-11-24T14:10:15","modified_gmt":"2025-11-24T13:10:15","slug":"farcam","status":"publish","type":"page","link":"https:\/\/farcamnmp.fr\/","title":{"rendered":"FARCAM"},"content":{"rendered":"\r\n<p><strong>Bienvenue sur le site de la F\u00e9d\u00e9ration des ARCAM de Nord Midi-Pyr\u00e9n\u00e9es !<\/strong> C&#8217;est votre portail d&#8217;entr\u00e9e vers les Amicales des Retrait\u00e9s du Cr\u00e9dit Agricole Mutuel de l&#8217;Aveyron, du Lot, du Tarn, du Tarn-et-Garonne.<\/p>\r\n<h3><a href=\"https:\/\/farcamnmp.fr\/index.php\/arcam-81\/\" target=\"_self\" rel=\"noopener noreferrer\">ARCAM 81<\/a><\/h3>\r\n<p><a href=\"https:\/\/farcamnmp.fr\/index.php\/arcam-81\/\" target=\"_self\" rel=\"noopener noreferrer\"> <img loading=\"lazy\" decoding=\"async\" title=\"arcam-81-1\" src=\"https:\/\/farcamnmp.fr\/wp-content\/uploads\/2018\/09\/arcam-81-1.png\" alt=\"arcam-81-1\" width=\"600\" height=\"400\" \/> <\/a> Votre portail d&#8217;entr\u00e9e vers l&#8217;Amicale des Retrait\u00e9s du Cr\u00e9dit Agricole Mutuel du Tarn. <a href=\"https:\/\/farcamnmp.fr\/index.php\/arcam-81\/\" target=\"_self\" rel=\"noopener noreferrer\">Votre amicale<\/a><\/p>\r\n<h3><a href=\"https:\/\/farcamnmp.fr\/index.php\/arcam-82\/\" target=\"_self\" rel=\"noopener noreferrer\">ARCAM 82<\/a><\/h3>\r\n<p><a href=\"https:\/\/farcamnmp.fr\/index.php\/arcam-82\/\" target=\"_self\" rel=\"noopener noreferrer\"> <img loading=\"lazy\" decoding=\"async\" title=\"arcam-82-1\" src=\"https:\/\/farcamnmp.fr\/wp-content\/uploads\/2018\/09\/arcam-82-1.png\" alt=\"arcam-82-1\" width=\"600\" height=\"400\" \/> <\/a> Votre portail d&#8217;entr\u00e9e vers l&#8217; Amicale des Retrait\u00e9s du Cr\u00e9dit Agricole Mutuel du Tarn et Garonne. <a href=\"https:\/\/farcamnmp.fr\/index.php\/arcam-82\/\" target=\"_self\" rel=\"noopener noreferrer\">Votre amicale<\/a><\/p>\r\n<h3><a href=\"https:\/\/farcamnmp.fr\/index.php\/arcam-qr\/\" target=\"_self\" rel=\"noopener noreferrer\">ARCAM QR<\/a><\/h3>\r\n<p><a href=\"https:\/\/farcamnmp.fr\/index.php\/arcam-qr\/\" target=\"_self\" rel=\"noopener noreferrer\"> <img loading=\"lazy\" decoding=\"async\" title=\"arcam-qr-2\" src=\"https:\/\/farcamnmp.fr\/wp-content\/uploads\/2018\/11\/arcam-qr-2.png\" alt=\"Arcam Quercy Rouergue\" width=\"600\" height=\"400\" \/> <\/a> Votre portail d&#8217;entr\u00e9e vers l&#8217; Amicale des Retrait\u00e9s du Cr\u00e9dit Agricole Mutuel du Quercy-Rouergue. <a href=\"https:\/\/farcamnmp.fr\/index.php\/arcam-qr\/\" target=\"_self\" rel=\"noopener noreferrer\">Votre amicale<\/a><\/p>\r\n","protected":false},"excerpt":{"rendered":"","protected":false},"author":10,"featured_media":0,"parent":0,"menu_order":0,"comment_status":"closed","ping_status":"closed","template":"","meta":{"_price":"","_stock":"","_tribe_ticket_header":"","_tribe_default_ticket_provider":"","_tribe_ticket_capacity":"0","_ticket_start_date":"","_ticket_end_date":"","_tribe_ticket_show_description":"","_tribe_ticket_show_not_going":false,"_tribe_ticket_use_global_stock":"","_tribe_ticket_global_stock_level":"","_global_stock_mode":"","_global_stock_cap":"","_tribe_rsvp_for_event":"","_tribe_ticket_going_count":"","_tribe_ticket_not_going_count":"","_tribe_tickets_list":"[]","_tribe_ticket_has_attendee_info_fields":false,"footnotes":""},"class_list":["post-23","page","type-page","status-publish","hentry"],"_links":{"self":[{"href":"https:\/\/farcamnmp.fr\/index.php\/wp-json\/wp\/v2\/pages\/23","targetHints":{"allow":["GET"]}}],"collection":[{"href":"https:\/\/farcamnmp.fr\/index.php\/wp-json\/wp\/v2\/pages"}],"about":[{"href":"https:\/\/farcamnmp.fr\/index.php\/wp-json\/wp\/v2\/types\/page"}],"author":[{"embeddable":true,"href":"https:\/\/farcamnmp.fr\/index.php\/wp-json\/wp\/v2\/users\/10"}],"replies":[{"embeddable":true,"href":"https:\/\/farcamnmp.fr\/index.php\/wp-json\/wp\/v2\/comments?post=23"}],"version-history":[{"count":2,"href":"https:\/\/farcamnmp.fr\/index.php\/wp-json\/wp\/v2\/pages\/23\/revisions"}],"predecessor-version":[{"id":7055,"href":"https:\/\/farcamnmp.fr\/index.php\/wp-json\/wp\/v2\/pages\/23\/revisions\/7055"}],"wp:attachment":[{"href":"https:\/\/farcamnmp.fr\/index.php\/wp-json\/wp\/v2\/media?parent=23"}],"curies":[{"name":"wp","href":"https:\/\/api.w.org\/{rel}","templated":true}]}}