{"id":1355,"date":"2019-02-10T10:48:09","date_gmt":"2019-02-10T09:48:09","guid":{"rendered":"https:\/\/farcamnmp.fr\/?page_id=1355"},"modified":"2025-11-12T15:19:06","modified_gmt":"2025-11-12T14:19:06","slug":"date-de-connexions","status":"publish","type":"page","link":"https:\/\/farcamnmp.fr\/index.php\/date-de-connexions\/","title":{"rendered":""},"content":{"rendered":"<p>D\u00e9sol\u00e9, vous n'avez pas acc\u00e8s \u00e0 cette page.<\/p>\r\n<p>Merci d'utiliser nos pages \"contact\" pour toute demande d'information.<\/p>","protected":false},"excerpt":{"rendered":"","protected":false},"author":10,"featured_media":0,"parent":0,"menu_order":0,"comment_status":"closed","ping_status":"closed","template":"","meta":{"_price":"","_stock":"","_tribe_ticket_header":"","_tribe_default_ticket_provider":"","_tribe_ticket_capacity":"0","_ticket_start_date":"","_ticket_end_date":"","_tribe_ticket_show_description":"","_tribe_ticket_show_not_going":false,"_tribe_ticket_use_global_stock":"","_tribe_ticket_global_stock_level":"","_global_stock_mode":"","_global_stock_cap":"","_tribe_rsvp_for_event":"","_tribe_ticket_going_count":"","_tribe_ticket_not_going_count":"","_tribe_tickets_list":"[]","_tribe_ticket_has_attendee_info_fields":false,"footnotes":""},"class_list":["post-1355","page","type-page","status-publish","hentry"],"_links":{"self":[{"href":"https:\/\/farcamnmp.fr\/index.php\/wp-json\/wp\/v2\/pages\/1355","targetHints":{"allow":["GET"]}}],"collection":[{"href":"https:\/\/farcamnmp.fr\/index.php\/wp-json\/wp\/v2\/pages"}],"about":[{"href":"https:\/\/farcamnmp.fr\/index.php\/wp-json\/wp\/v2\/types\/page"}],"author":[{"embeddable":true,"href":"https:\/\/farcamnmp.fr\/index.php\/wp-json\/wp\/v2\/users\/10"}],"replies":[{"embeddable":true,"href":"https:\/\/farcamnmp.fr\/index.php\/wp-json\/wp\/v2\/comments?post=1355"}],"version-history":[{"count":1,"href":"https:\/\/farcamnmp.fr\/index.php\/wp-json\/wp\/v2\/pages\/1355\/revisions"}],"predecessor-version":[{"id":7824,"href":"https:\/\/farcamnmp.fr\/index.php\/wp-json\/wp\/v2\/pages\/1355\/revisions\/7824"}],"wp:attachment":[{"href":"https:\/\/farcamnmp.fr\/index.php\/wp-json\/wp\/v2\/media?parent=1355"}],"curies":[{"name":"wp","href":"https:\/\/api.w.org\/{rel}","templated":true}]}}