{"id":13,"date":"2018-09-11T16:10:49","date_gmt":"2018-09-11T14:10:49","guid":{"rendered":"https:\/\/farcamnmp.fr\/?page_id=13"},"modified":"2025-11-12T15:17:50","modified_gmt":"2025-11-12T14:17:50","slug":"arcam-qr","status":"publish","type":"page","link":"https:\/\/farcamnmp.fr\/index.php\/arcam-qr\/","title":{"rendered":"AMICALE DES RETRAITES CRCAM QUERCY ROUERGUE"},"content":{"rendered":"\r\n<h1>AMICALE DES RETRAITES CRCAM QUERCY ROUERGUE<\/h1>\r\n<p>Dans les ann\u00e9es 80 nos anciens coll\u00e8gues retrait\u00e9s ont eu la volont\u00e9 de cr\u00e9er l&#8217;amicale\u00a0(type d&#8217;association loi 1901) afin de pouvoir continuer les relations qu&#8217;ils avaient pendant\u00a0l&#8217;activit\u00e9 professionnelle.<\/p>\r\n<p>Chaque d\u00e9partement \u00e0 cr\u00e9\u00e9 sa propre amicale. Lors de la fusion de la CR de l&#8217;Aveyron avec la CR du Lot , est n\u00e9e l&#8217;Amicale des Retrait\u00e9s du Cr\u00e9dit Agricole Quercy-Rouergue (ARCAM QR).<\/p>\r\n<p>Au moment de la cr\u00e9ation de la CRCA NMP, les trois amicales existantes se sont f\u00e9d\u00e9r\u00e9es sous le nom de la FARCAM NMP.<\/p>\r\n<p>\u00c0 ce jour les 3 amicales (ARCAM QR 1246 &#8211; ARCAM 81 &#8211; ARCAM 82) sont toujours ind\u00e9pendantes et s&#8217;organisent \u00e0 leur gr\u00e9 pour leurs activit\u00e9s et le choix des propositions pour leurs adh\u00e9rents.<\/p>\r\n<p>Nous vous invitons tous \u00e0 participer et faire connaitre aux non-adh\u00e9rents nos activit\u00e9s qui se veulent cordiales et amicales. Pensons \u00e0 nous identifier et naviguer sur le site FARCAM qui va s&#8217;enrichir au fil du temps.<\/p>\r\n<p><img loading=\"lazy\" decoding=\"async\" title=\"cahors-arcamQR\" src=\"https:\/\/farcamnmp.fr\/wp-content\/uploads\/2019\/01\/cahors-arcamQR.jpg\" alt=\"cahors-arcamQR\" width=\"800\" height=\"600\" \/> <img loading=\"lazy\" decoding=\"async\" title=\"arcam-qr-2\" src=\"https:\/\/farcamnmp.fr\/wp-content\/uploads\/2018\/11\/arcam-qr-2.png\" alt=\"Arcam Quercy Rouergue\" width=\"600\" height=\"400\" \/><\/p>\r\n<p><strong>LE BUREAU de l&#8217;ARCAM QR \u00e0 l&#8217;issue de l&#8217;Assembl\u00e9e G\u00e9n\u00e9rale du 11 mars 2025<\/strong><\/p>\r\n<p><strong>Liste des membres du Conseil d\u2019Administration<\/strong><strong>\u00a0:<\/strong><\/p>\r\n<p>PRESIDENT :\u00a0 \u00a0 \u00a0 \u00a0 \u00a0 \u00a0 \u00a0 \u00a0 \u00a0 \u00a0 \u00a0 \u00a0 \u00a0 \u00a0 \u00a0 \u00a0 \u00a0Guy\u00a0 SOLIER<\/p>\r\n<p>VICE- PRESIDENT :\u00a0 \u00a0 \u00a0 \u00a0 \u00a0 \u00a0 \u00a0 \u00a0 \u00a0 \u00a0 \u00a0Philippe HEGRAY<\/p>\r\n<p>SECRETAIRE :\u00a0 \u00a0 \u00a0 \u00a0 \u00a0 \u00a0 \u00a0 \u00a0 \u00a0 \u00a0 \u00a0 \u00a0 \u00a0 \u00a0 \u00a0 \u00a0Armande\u00a0 GRAT COMBEBIAS<\/p>\r\n<p>SECRETAIRE- ADJOINTE :\u00a0\u00a0\u00a0\u00a0\u00a0\u00a0 Colette\u00a0 BOSC<\/p>\r\n<p>TRESORIER :\u00a0 \u00a0 \u00a0 \u00a0 \u00a0 \u00a0 \u00a0 \u00a0 \u00a0 \u00a0 \u00a0 \u00a0 \u00a0 \u00a0 \u00a0 \u00a0 \u00a0Francis\u00a0 BLANC<\/p>\r\n<p>TRESORIER- ADJOINT :\u00a0 \u00a0 \u00a0 \u00a0 \u00a0 \u00a0 Francis\u00a0 ROUANNES<\/p>\r\n<p><strong>Membres \u00e9lus du Conseil d\u2019Administration<\/strong><strong>\u00a0:<\/strong><\/p>\r\n<p>Monique LACOMBE<\/p>\r\n<p>Didier\u00a0\u00a0 GOURRIEREC<\/p>\r\n<p>Jacques PLANCHE<\/p>\r\n<p>Jean-Luc PONS<\/p>\r\n<p>Jean-Marie FABRE<\/p>\r\n<p>Jean-Paul PEYRAC<\/p>\r\n<p><img loading=\"lazy\" decoding=\"async\" class=\"alignnone  wp-image-7482\" src=\"https:\/\/farcamnmp.fr\/wp-content\/uploads\/2025\/05\/bureau-arcamQR-2025-300x169.jpg\" alt=\"\" width=\"680\" height=\"383\" srcset=\"https:\/\/farcamnmp.fr\/wp-content\/uploads\/2025\/05\/bureau-arcamQR-2025-300x169.jpg 300w, https:\/\/farcamnmp.fr\/wp-content\/uploads\/2025\/05\/bureau-arcamQR-2025-1024x576.jpg 1024w, https:\/\/farcamnmp.fr\/wp-content\/uploads\/2025\/05\/bureau-arcamQR-2025-768x432.jpg 768w, https:\/\/farcamnmp.fr\/wp-content\/uploads\/2025\/05\/bureau-arcamQR-2025-1536x865.jpg 1536w, https:\/\/farcamnmp.fr\/wp-content\/uploads\/2025\/05\/bureau-arcamQR-2025.jpg 1910w\" sizes=\"auto, (max-width: 680px) 100vw, 680px\" \/><\/p>\r\n","protected":false},"excerpt":{"rendered":"","protected":false},"author":10,"featured_media":0,"parent":0,"menu_order":0,"comment_status":"closed","ping_status":"closed","template":"","meta":{"_price":"","_stock":"","_tribe_ticket_header":"","_tribe_default_ticket_provider":"","_tribe_ticket_capacity":"0","_ticket_start_date":"","_ticket_end_date":"","_tribe_ticket_show_description":"","_tribe_ticket_show_not_going":false,"_tribe_ticket_use_global_stock":"","_tribe_ticket_global_stock_level":"","_global_stock_mode":"","_global_stock_cap":"","_tribe_rsvp_for_event":"","_tribe_ticket_going_count":"","_tribe_ticket_not_going_count":"","_tribe_tickets_list":"[]","_tribe_ticket_has_attendee_info_fields":false,"footnotes":""},"class_list":["post-13","page","type-page","status-publish","hentry"],"_links":{"self":[{"href":"https:\/\/farcamnmp.fr\/index.php\/wp-json\/wp\/v2\/pages\/13","targetHints":{"allow":["GET"]}}],"collection":[{"href":"https:\/\/farcamnmp.fr\/index.php\/wp-json\/wp\/v2\/pages"}],"about":[{"href":"https:\/\/farcamnmp.fr\/index.php\/wp-json\/wp\/v2\/types\/page"}],"author":[{"embeddable":true,"href":"https:\/\/farcamnmp.fr\/index.php\/wp-json\/wp\/v2\/users\/10"}],"replies":[{"embeddable":true,"href":"https:\/\/farcamnmp.fr\/index.php\/wp-json\/wp\/v2\/comments?post=13"}],"version-history":[{"count":23,"href":"https:\/\/farcamnmp.fr\/index.php\/wp-json\/wp\/v2\/pages\/13\/revisions"}],"predecessor-version":[{"id":7483,"href":"https:\/\/farcamnmp.fr\/index.php\/wp-json\/wp\/v2\/pages\/13\/revisions\/7483"}],"wp:attachment":[{"href":"https:\/\/farcamnmp.fr\/index.php\/wp-json\/wp\/v2\/media?parent=13"}],"curies":[{"name":"wp","href":"https:\/\/api.w.org\/{rel}","templated":true}]}}