{"id":11,"date":"2018-09-11T16:09:52","date_gmt":"2018-09-11T14:09:52","guid":{"rendered":"https:\/\/farcamnmp.fr\/?page_id=11"},"modified":"2026-04-13T23:52:24","modified_gmt":"2026-04-13T21:52:24","slug":"arcam-82","status":"publish","type":"page","link":"https:\/\/farcamnmp.fr\/index.php\/arcam-82\/","title":{"rendered":"ARCAM 82"},"content":{"rendered":"\r\n<h1>AMICALE DES RETRAITES DU CREDIT AGRICOLE DU TARN-ET-GARONNE<\/h1>\r\n<p>Notre amicale des retrait\u00e9s du cr\u00e9dit agricole mutuel du Tarn et Garonne, ARCAM, est n\u00e9e en 1987 de la volont\u00e9 d&#8217;anciens salari\u00e9s de conserver et de partager \u00e0 la retraite les liens d&#8217;amiti\u00e9 et de convivialit\u00e9 qui les avaient anim\u00e9s en activit\u00e9.<\/p>\r\n<p>Ce sont toujours les m\u00eames objectifs qui sont poursuivis en proposant uniquement des activit\u00e9s ludiques et conviviales loin des pr\u00e9occupations professionnelles.<\/p>\r\n<p>Pr\u00e8s de 200 membres trouvent du plaisir \u00e0 se retrouver, les uns \u00e0 partager un repas, d&#8217;autres \u00e0 voyager ou \u00e0 marcher ensemble. Les amis que nous avons baptis\u00e9s \u00a0\u00absympathisants \u00bb sont toujours les bienvenus.<br \/>En parcourant notre site, nul doute que vous trouverez une activit\u00e9 faite pour vous. <img loading=\"lazy\" decoding=\"async\" title=\"farcam-82-montauban-pont\" src=\"https:\/\/farcamnmp.fr\/wp-content\/uploads\/2018\/09\/farcam-82-montauban-pont-1024x410.jpg\" alt=\"farcam-82-montauban-pont\" width=\"1024\" height=\"410\" \/><\/p>\r\n<h3>N&#8217;h\u00e9sitez pas, venez nous rejoindre !<\/h3>\r\n<p><img loading=\"lazy\" decoding=\"async\" title=\"arcam-82-1\" src=\"https:\/\/farcamnmp.fr\/wp-content\/uploads\/2018\/09\/arcam-82-1.png\" alt=\"arcam-82-1\" width=\"600\" height=\"400\" \/><\/p>\r\n<p><strong>LE BUREAU de l&#8217;ARCAM82<\/strong><\/p>\r\n<p>Pr\u00e9sidente : Martine B\u00c9GU\u00c9<\/p>\r\n<p>Vice Pr\u00e9sident : Claude BONACHE<\/p>\r\n<p>Tr\u00e9sorier : Alain DAVID<\/p>\r\n<p>Tr\u00e9sorier Adjoint\u00a0: Andr\u00e9 LACOMBE<\/p>\r\n<p>Secr\u00e9taire : Jean-Paul AULAGNIER<\/p>\r\n<p>Secr\u00e9taire Adjointe : Marie TOUYERES<\/p>\r\n<p>Charg\u00e9 site web : Michel AUDINO , Christian BOUCH\u00c9\u00a0<\/p>\r\n<p>Charg\u00e9e des randonn\u00e9es : Eliane GARRIGUES<\/p>\r\n<p>Membres :\u00a0 Christiane FONTANI\u00c9, Th\u00e9r\u00e8se GASO, Daniel GEN, G\u00e9rard SENTENAC, Gilles STIERLE, Daniel VALET.<\/p>\r\n<p>Consultants : Philippe FOUREST, Pierre Michelet, Philippe SICARD.<\/p>\r\n<h4><a href=\"https:\/\/farcamnmp.fr\/wp-content\/uploads\/2026\/04\/Statuts-p1_merged_compressed.pdf\" target=\"_blank\" rel=\"noopener\"><span style=\"color: #ff0000;\"><strong>Statuts ARCAM82 \u21d0<\/strong><\/span><\/a><\/h4>\r\n","protected":false},"excerpt":{"rendered":"","protected":false},"author":10,"featured_media":0,"parent":0,"menu_order":0,"comment_status":"closed","ping_status":"closed","template":"","meta":{"_price":"","_stock":"","_tribe_ticket_header":"","_tribe_default_ticket_provider":"","_tribe_ticket_capacity":"0","_ticket_start_date":"","_ticket_end_date":"","_tribe_ticket_show_description":"","_tribe_ticket_show_not_going":false,"_tribe_ticket_use_global_stock":"","_tribe_ticket_global_stock_level":"","_global_stock_mode":"","_global_stock_cap":"","_tribe_rsvp_for_event":"","_tribe_ticket_going_count":"","_tribe_ticket_not_going_count":"","_tribe_tickets_list":"[]","_tribe_ticket_has_attendee_info_fields":false,"footnotes":""},"class_list":["post-11","page","type-page","status-publish","hentry"],"_links":{"self":[{"href":"https:\/\/farcamnmp.fr\/index.php\/wp-json\/wp\/v2\/pages\/11","targetHints":{"allow":["GET"]}}],"collection":[{"href":"https:\/\/farcamnmp.fr\/index.php\/wp-json\/wp\/v2\/pages"}],"about":[{"href":"https:\/\/farcamnmp.fr\/index.php\/wp-json\/wp\/v2\/types\/page"}],"author":[{"embeddable":true,"href":"https:\/\/farcamnmp.fr\/index.php\/wp-json\/wp\/v2\/users\/10"}],"replies":[{"embeddable":true,"href":"https:\/\/farcamnmp.fr\/index.php\/wp-json\/wp\/v2\/comments?post=11"}],"version-history":[{"count":31,"href":"https:\/\/farcamnmp.fr\/index.php\/wp-json\/wp\/v2\/pages\/11\/revisions"}],"predecessor-version":[{"id":8403,"href":"https:\/\/farcamnmp.fr\/index.php\/wp-json\/wp\/v2\/pages\/11\/revisions\/8403"}],"wp:attachment":[{"href":"https:\/\/farcamnmp.fr\/index.php\/wp-json\/wp\/v2\/media?parent=11"}],"curies":[{"name":"wp","href":"https:\/\/api.w.org\/{rel}","templated":true}]}}